{"id":84,"date":"2021-02-10T02:27:03","date_gmt":"2021-02-10T02:27:03","guid":{"rendered":"http:\/\/www.moniciimoveis.com\/cms2\/?page_id=84"},"modified":"2021-02-10T02:27:03","modified_gmt":"2021-02-10T02:27:03","slug":"financiamento","status":"publish","type":"page","link":"https:\/\/www.moniciimoveis.com\/cms2\/servicos\/financiamento\/","title":{"rendered":"Financiamento"},"content":{"rendered":"<h3>CR\u00c9DITO IMOBILI\u00c1RIO<\/h3>\n<p style=\"margin-top: 10px;\">Seu cr\u00e9dito imobili\u00e1rio atrav\u00e9s de profissionais habilitados e credenciados, junto as institui\u00e7\u00f5es financeiras descritas abaixo.<\/p>\n<ul>\n<li>Caixa Econ\u00f4mica Federal;<\/li>\n<li>Ita\u00fa;<\/li>\n<li>Santander;<\/li>\n<li>Bradesco;<\/li>\n<li>Banco do Brasil.<\/li>\n<\/ul>\n<blockquote><p><a href=\"http:\/\/www8.caixa.gov.br\/siopiinternet\/simulaOperacaoInternet.do?method=inicializarCasoUso\" target=\"_blank\" rel=\"noopener\"><img loading=\"lazy\" decoding=\"async\" class=\"financiamento alignnone wp-image-91 size-full\" title=\"Caixa Econ\u00f4mica\" src=\"http:\/\/www.jardimimoveis.com.br\/cms\/wp-content\/uploads\/2018\/04\/caixa.jpg\" alt=\"logotipo Caixa\" width=\"209\" height=\"157\" \/><\/a><a href=\"https:\/\/ww3.itau.com.br\/imobline\/novolayout\/simuladores\/simulador.aspx?IMOB_TipoBKL=&#038;ident_bkl=pre&#038;parceiro=5789\" target=\"_blank\" rel=\"noopener\"><img loading=\"lazy\" decoding=\"async\" class=\"financiamento alignnone wp-image-92 size-full\" title=\"Ita\u00fa\" src=\"http:\/\/www.jardimimoveis.com.br\/cms\/wp-content\/uploads\/2018\/04\/itau.jpg\" alt=\"logotipo Ita\u00fa\" width=\"209\" height=\"157\" \/><\/a><a href=\"https:\/\/www.santander.com.br\/br\/pessoa-fisica\/santander-select\/assessoria-de-gestao-em-patrimonio\/construcao-de-patrimonio\/financiamento-de-imoveis\" target=\"_blank\" rel=\"noopener\"><img loading=\"lazy\" decoding=\"async\" class=\"financiamento alignnone wp-image-93 size-full\" title=\"Santander\" src=\"http:\/\/www.jardimimoveis.com.br\/cms\/wp-content\/uploads\/2018\/04\/santander.jpg\" alt=\"logotipo Santander\" width=\"209\" height=\"157\" \/><\/a><a href=\"http:\/\/www.bradesco.com.br\/html\/classic\/produtos-servicos\/emprestimo-e-financiamento\/simuladores-imoveis.shtm\" target=\"_blank\" rel=\"noopener\"><img loading=\"lazy\" decoding=\"async\" class=\"financiamento alignnone wp-image-90 size-full\" title=\"Bradesco\" src=\"http:\/\/www.jardimimoveis.com.br\/cms\/wp-content\/uploads\/2018\/04\/bradesco.jpg\" alt=\"logotipo Bradesco\" width=\"209\" height=\"157\" \/><\/a><a href=\"http:\/\/www.bb.com.br\/pbb\/pagina-inicial\/voce\/produtos-e-servicos\/credito\" target=\"_blank\" rel=\"noopener\"><img loading=\"lazy\" decoding=\"async\" class=\"financiamento alignnone wp-image-89 size-full\" title=\"Banco do Brasil\" src=\"http:\/\/www.jardimimoveis.com.br\/cms\/wp-content\/uploads\/2018\/04\/bb.jpg\" alt=\"logotipo Banco do Brasil\" width=\"209\" height=\"157\" \/><\/a><\/p><\/blockquote>\n","protected":false},"excerpt":{"rendered":"<p>CR\u00c9DITO IMOBILI\u00c1RIO Seu cr\u00e9dito imobili\u00e1rio atrav\u00e9s de profissionais habilitados e credenciados, junto as institui\u00e7\u00f5es financeiras descritas abaixo. Caixa Econ\u00f4mica Federal; Ita\u00fa; Santander; Bradesco; Banco do Brasil.<\/p>\n","protected":false},"author":3,"featured_media":0,"parent":80,"menu_order":2,"comment_status":"closed","ping_status":"closed","template":"","meta":{"footnotes":""},"class_list":["post-84","page","type-page","status-publish","hentry"],"_links":{"self":[{"href":"https:\/\/www.moniciimoveis.com\/cms2\/wp-json\/wp\/v2\/pages\/84","targetHints":{"allow":["GET"]}}],"collection":[{"href":"https:\/\/www.moniciimoveis.com\/cms2\/wp-json\/wp\/v2\/pages"}],"about":[{"href":"https:\/\/www.moniciimoveis.com\/cms2\/wp-json\/wp\/v2\/types\/page"}],"author":[{"embeddable":true,"href":"https:\/\/www.moniciimoveis.com\/cms2\/wp-json\/wp\/v2\/users\/3"}],"replies":[{"embeddable":true,"href":"https:\/\/www.moniciimoveis.com\/cms2\/wp-json\/wp\/v2\/comments?post=84"}],"version-history":[{"count":0,"href":"https:\/\/www.moniciimoveis.com\/cms2\/wp-json\/wp\/v2\/pages\/84\/revisions"}],"up":[{"embeddable":true,"href":"https:\/\/www.moniciimoveis.com\/cms2\/wp-json\/wp\/v2\/pages\/80"}],"wp:attachment":[{"href":"https:\/\/www.moniciimoveis.com\/cms2\/wp-json\/wp\/v2\/media?parent=84"}],"curies":[{"name":"wp","href":"https:\/\/api.w.org\/{rel}","templated":true}]}}